{"id":6282,"date":"2021-09-15T15:12:26","date_gmt":"2021-09-15T14:12:26","guid":{"rendered":"https:\/\/ozgmedia.com\/about-us\/"},"modified":"2024-05-30T12:48:27","modified_gmt":"2024-05-30T11:48:27","slug":"ueber-uns","status":"publish","type":"page","link":"https:\/\/ozgmedia.com\/de\/ueber-uns\/","title":{"rendered":"\u00dcber uns"},"content":{"rendered":"\t\t<div data-elementor-type=\"wp-page\" data-elementor-id=\"6282\" class=\"elementor elementor-6282 elementor-116\">\n\t\t\t\t<div class=\"elementor-element elementor-element-d0958fc e-con-full e-flex e-con e-parent\" data-id=\"d0958fc\" data-element_type=\"container\">\n\t\t<div class=\"elementor-element elementor-element-5d9c0df e-con-full e-flex e-con e-child\" data-id=\"5d9c0df\" data-element_type=\"container\">\n\t\t\t\t<div class=\"elementor-element elementor-element-d5c0d0b elementor-widget elementor-widget-axil-page-title\" data-id=\"d5c0d0b\" data-element_type=\"widget\" data-widget_type=\"axil-page-title.default\">\n\t\t\t\t<div class=\"elementor-widget-container\">\n\t\t\t\n                <div class=\"breadcrum-area breadcrumb-banner single-breadcrumb\">\n                    <div class=\"container\">\n                        <div class=\"row align-items-center\">\n                            <div class=\"col-lg-6\">\n                                <div class=\"section-heading heading-left\" data-sal=\"slide-right\" data-sal-duration=\"1000\" data-sal-delay=\"300\">\n                                                                        <h2 class=\"title\">Eine der am schnellsten wachsenden 360\u00b0-Digitalagenturen<\/h2> \n                                     \n                                                                        <p>Elbette, i\u015fte metninizin Almanca \u00e7evirisi:\n\n---\n\nWir sind ein international t\u00e4tiges, in der T\u00fcrkei ans\u00e4ssiges Unternehmen f\u00fcr digitale Dienstleistungen, das erstklassige L\u00f6sungen bietet, um unseren Kunden zum Online-Erfolg zu verhelfen. Unser Expertenteam ist spezialisiert auf Marktplatzintegration, Webdesign, SEO, Social-Media-Management und Content-Erstellung, um Ihnen zu helfen, Ihre Zielgruppe zu erreichen und Ihre Online-Pr\u00e4senz zu erweitern.<\/p>\n                                        \n                                <\/div>\n                            <\/div>\n                            <div class=\"col-lg-6\">\n                                                                     <div class=\"banner-thumbnail\" data-sal=\"slide-up\" data-sal-duration=\"1000\" data-sal-delay=\"400\">\n\n                                        <img decoding=\"async\" class=\"paralax-image\" src=\"https:\/\/ozgmedia.com\/wp-content\/uploads\/2024\/05\/2-1-svg-1.webp\" alt=\"\" title=\"\">\n\n                                    <\/div>\n                                                            <\/div>\n                        <\/div>\n                    <\/div>\n                                        <ul class=\"shape-group-8 list-unstyled\">\n                                                <li class=\"shape shape-1\" data-sal=\"slide-right\" data-sal-duration=\"500\" data-sal-delay=\"100\">\n                           <img decoding=\"async\" src=\"https:\/\/ozgmedia.com\/wp-content\/uploads\/2024\/05\/bubble-9.webp\" alt=\"\" title=\"\">\n                       <\/li>\n                                                                      <li class=\"shape shape-2\" data-sal=\"slide-left\" data-sal-duration=\"500\" data-sal-delay=\"200\">\n                           <img decoding=\"async\" src=\"https:\/\/ozgmedia.com\/wp-content\/uploads\/2024\/05\/line-4.webp\" alt=\"\" title=\"\">\n                       <\/li>\n                                                                   <\/ul>\n                                    <\/div>\n\n        \t\t<\/div>\n\t\t\t\t<\/div>\n\t\t\t\t<\/div>\n\t\t\t\t<\/div>\n\t\t\t\t<section class=\"elementor-section elementor-top-section elementor-element elementor-element-639edbe elementor-section-boxed elementor-section-height-default elementor-section-height-default\" data-id=\"639edbe\" data-element_type=\"section\">\n\t\t\t\t\t\t<div class=\"elementor-container elementor-column-gap-default\">\n\t\t\t\t\t<div class=\"elementor-column elementor-col-50 elementor-top-column elementor-element elementor-element-92b1e5d\" data-id=\"92b1e5d\" data-element_type=\"column\">\n\t\t\t<div class=\"elementor-widget-wrap elementor-element-populated\">\n\t\t\t\t\t\t<div class=\"elementor-element elementor-element-b1857ad elementor-widget elementor-widget-image\" data-id=\"b1857ad\" data-element_type=\"widget\" data-widget_type=\"image.default\">\n\t\t\t\t<div class=\"elementor-widget-container\">\n\t\t\t<style>\/*! elementor - v3.21.0 - 26-05-2024 *\/\n.elementor-widget-image{text-align:center}.elementor-widget-image a{display:inline-block}.elementor-widget-image a img[src$=\".svg\"]{width:48px}.elementor-widget-image img{vertical-align:middle;display:inline-block}<\/style>\t\t\t\t\t\t\t\t\t\t<img fetchpriority=\"high\" decoding=\"async\" width=\"700\" height=\"463\" src=\"https:\/\/ozgmedia.com\/wp-content\/uploads\/2024\/05\/pexels-lukas-590022-scaled-1.webp\" class=\"attachment-full size-full wp-image-6598\" alt=\"\" srcset=\"https:\/\/ozgmedia.com\/wp-content\/uploads\/2024\/05\/pexels-lukas-590022-scaled-1.webp 700w, https:\/\/ozgmedia.com\/wp-content\/uploads\/2024\/05\/pexels-lukas-590022-scaled-1-300x198.webp 300w\" sizes=\"(max-width: 700px) 100vw, 700px\" title=\"\">\t\t\t\t\t\t\t\t\t\t\t\t\t<\/div>\n\t\t\t\t<\/div>\n\t\t\t\t\t<\/div>\n\t\t<\/div>\n\t\t\t\t<div class=\"elementor-column elementor-col-50 elementor-top-column elementor-element elementor-element-da81e9b\" data-id=\"da81e9b\" data-element_type=\"column\">\n\t\t\t<div class=\"elementor-widget-wrap elementor-element-populated\">\n\t\t\t\t\t\t<div class=\"elementor-element elementor-element-43aefc2 elementor-widget elementor-widget-abstrak-casestudy\" data-id=\"43aefc2\" data-element_type=\"widget\" data-widget_type=\"abstrak-casestudy.default\">\n\t\t\t\t<div class=\"elementor-widget-container\">\n\t\t\t                 \n                <div class=\"case-study-featured\">\n                    <div class=\"section-heading heading-left\">                                           \n                                                <span class=\"subtitle\">Ihre Markenbekanntheit und Ihren Umsatz steigern<\/span>\n                                                <h2 class=\"title\">OZG Media <\/h2>\n                        <p>Wir sind ein Anbieter von digitalen Dienstleistungen, der professionell auf digitalen Plattformen t\u00e4tig ist. Unser engagiertes Expertenteam betreut unsere Kunden seit Jahren ununterbrochen. Sie k\u00f6nnen mit uns zusammenarbeiten, wenn Sie in der digitalen \u00c4ra vorankommen und Ihr Marketingbudget sinnvoll einsetzen m\u00f6chten. Unser Hauptsitz befindet sich im Stadtteil Kagithane in Istanbul. Ihre Anfragen k\u00f6nnen telefonisch, \u00fcber Google Meetings oder pers\u00f6nlich in unserem B\u00fcro besprochen werden, je nachdem, was f\u00fcr Sie am bequemsten ist.<br>\n<br>\nE-Commerce-Marktplatzmanagement, globale Integrationssysteme, Suchmaschinenoptimierung (SEO), digitales Marketing, Website-Entwicklung, Videobearbeitung und mehr sind nur einige der von uns angebotenen Dienstleistungen.\n<br>\n<br>\nOZG Media ist der richtige Ort, wenn Sie ein kompetentes Team ben\u00f6tigen, das Sie bei der Entwicklung einer neuen Marke unterst\u00fctzt.  Wir sind mit st\u00e4ndiger und uneingeschr\u00e4nkter Unterst\u00fctzung f\u00fcr Sie da.<\/p>\n                        <a class=\"axil-btn btn-fill-primary btn-large\" href=\"#\" target=\"_blank\" rel=\"nofollow\">\u00dcber uns<\/a>                    <\/div>\n\n                  <div class=\"case-study-counterup\">\n                                             <div class=\"single-counterup\">\n                                                             <h2 class=\"count-number\">\n                                     <span class=\"number count\" data-count=\"15\">15<\/span>\n                                        <span class=\"symbol\">+<\/span>  \n                                    <\/h2>\n                                                                                        <span class=\"counter-title\">Jahre auf dem Markt<\/span>\n\n                                                    <\/div>\n                    \n                                            <!-- Start Counterup -->\n                        <div class=\"single-counterup counterup-style-1\">\n                            \n                                <h2 class=\"count-number\">\n                                <span class=\"number count\" data-count=\"244\">244<\/span>\n                                \n                                  <span class=\"symbol\">+ <\/span>\n                                <\/h2>\n                                                                                       <span class=\"counter-title\">Bisher gelieferte Projekte<\/span>\n\n                                                    <\/div>                                          \n                                        <\/div>\n                <\/div>                        \n \n\t\t\t<\/div>\n\t\t\t\t<\/div>\n\t\t\t\t\t<\/div>\n\t\t<\/div>\n\t\t\t\t\t<\/div>\n\t\t<\/section>\n\t\t\t\t<section class=\"elementor-section elementor-top-section elementor-element elementor-element-22bac808 elementor-section-boxed elementor-section-height-default elementor-section-height-default\" data-id=\"22bac808\" data-element_type=\"section\" data-settings=\"{&quot;background_background&quot;:&quot;classic&quot;}\">\n\t\t\t\t\t\t\t<div class=\"elementor-background-overlay\"><\/div>\n\t\t\t\t\t\t\t<div class=\"elementor-container elementor-column-gap-no\">\n\t\t\t\t\t<div class=\"elementor-column elementor-col-100 elementor-top-column elementor-element elementor-element-48565e8e\" data-id=\"48565e8e\" data-element_type=\"column\">\n\t\t\t<div class=\"elementor-widget-wrap elementor-element-populated\">\n\t\t\t\t\t\t<section class=\"elementor-section elementor-inner-section elementor-element elementor-element-5c710d07 elementor-section-boxed elementor-section-height-default elementor-section-height-default\" data-id=\"5c710d07\" data-element_type=\"section\">\n\t\t\t\t\t\t<div class=\"elementor-container elementor-column-gap-default\">\n\t\t\t\t\t<div class=\"elementor-column elementor-col-100 elementor-inner-column elementor-element elementor-element-1a391bcb\" data-id=\"1a391bcb\" data-element_type=\"column\">\n\t\t\t<div class=\"elementor-widget-wrap elementor-element-populated\">\n\t\t\t\t\t\t<div class=\"elementor-element elementor-element-5fa4051f elementor-widget elementor-widget-axil-title\" data-id=\"5fa4051f\" data-element_type=\"widget\" data-widget_type=\"axil-title.default\">\n\t\t\t\t<div class=\"elementor-widget-container\">\n\t\t\t     <div class=\"section-heading heading-light heading-light-left\">            \n                    <span class=\"subtitle\">Die Gr\u00fcnde<\/span>\n         \n                                    <h2 class=\"title\">\n                    Warum Sie mit uns arbeiten sollten                <\/h2> \n                         \n                    <\/div> \n   \t\t<\/div>\n\t\t\t\t<\/div>\n\t\t\t\t\t<\/div>\n\t\t<\/div>\n\t\t\t\t\t<\/div>\n\t\t<\/section>\n\t\t\t\t<section class=\"elementor-section elementor-inner-section elementor-element elementor-element-54d9caff elementor-section-boxed elementor-section-height-default elementor-section-height-default\" data-id=\"54d9caff\" data-element_type=\"section\" data-settings=\"{&quot;background_background&quot;:&quot;classic&quot;}\">\n\t\t\t\t\t\t<div class=\"elementor-container elementor-column-gap-extended\">\n\t\t\t\t\t<div class=\"elementor-column elementor-col-33 elementor-inner-column elementor-element elementor-element-1a32ec48\" data-id=\"1a32ec48\" data-element_type=\"column\">\n\t\t\t<div class=\"elementor-widget-wrap elementor-element-populated\">\n\t\t\t\t\t\t<div class=\"elementor-element elementor-element-48c6f57f elementor-widget elementor-widget-axil-single-process-box\" data-id=\"48c6f57f\" data-element_type=\"widget\" data-widget_type=\"axil-single-process-box.default\">\n\t\t\t\t<div class=\"elementor-widget-container\">\n\t\t\t    <div class=\"about-quality active\">\n          \n            <h3 class=\"sl-number\">1<\/h3>\n            \n        <h5 class=\"title\">Expertise und Erfahrung:<\/h5>\n               \n             <p class=\"subtitle\">Zu den Besten der Branche geh\u00f6rend, bietet unser Team seit vielen Jahren digitale Dienstleistungen an.<\/p>\n         \n    <\/div>\n\t\t<\/div>\n\t\t\t\t<\/div>\n\t\t\t\t\t<\/div>\n\t\t<\/div>\n\t\t\t\t<div class=\"elementor-column elementor-col-33 elementor-inner-column elementor-element elementor-element-c7c0eca\" data-id=\"c7c0eca\" data-element_type=\"column\">\n\t\t\t<div class=\"elementor-widget-wrap elementor-element-populated\">\n\t\t\t\t\t\t<div class=\"elementor-element elementor-element-4d069a15 elementor-widget elementor-widget-axil-single-process-box\" data-id=\"4d069a15\" data-element_type=\"widget\" data-widget_type=\"axil-single-process-box.default\">\n\t\t\t\t<div class=\"elementor-widget-container\">\n\t\t\t    <div class=\"about-quality active\">\n          \n            <h3 class=\"sl-number\">2<\/h3>\n            \n        <h5 class=\"title\">Wettbewerbsf\u00e4hige Preise<\/h5>\n               \n             <p class=\"subtitle\">Unsere Dienstleistungen sind erschwinglich kalkuliert, um Ihnen das beste Preis-Leistungs-Verh\u00e4ltnis f\u00fcr Ihr Budget zu bieten. Unsere Mission ist es, digitale Dienstleistungen von h\u00f6chster Qualit\u00e4t anzubieten, die f\u00fcr Unternehmen jeder Gr\u00f6\u00dfe erreichbar sind.\n<\/p>\n         \n    <\/div>\n\t\t<\/div>\n\t\t\t\t<\/div>\n\t\t\t\t\t<\/div>\n\t\t<\/div>\n\t\t\t\t<div class=\"elementor-column elementor-col-33 elementor-inner-column elementor-element elementor-element-662583c6\" data-id=\"662583c6\" data-element_type=\"column\">\n\t\t\t<div class=\"elementor-widget-wrap elementor-element-populated\">\n\t\t\t\t\t\t<div class=\"elementor-element elementor-element-337e6f5f elementor-widget elementor-widget-axil-single-process-box\" data-id=\"337e6f5f\" data-element_type=\"widget\" data-widget_type=\"axil-single-process-box.default\">\n\t\t\t\t<div class=\"elementor-widget-container\">\n\t\t\t    <div class=\"about-quality active\">\n          \n            <h3 class=\"sl-number\">3<\/h3>\n            \n        <h5 class=\"title\">Innovative L\u00f6sungen<\/h5>\n               \n             <p class=\"subtitle\">Wir halten uns stets auf dem neuesten Stand, um die besten digitalen Dienstleistungen in jedem Bereich anzubieten. Unabh\u00e4ngig von traditionellen oder altmodischen Methoden halten wir immer Schritt mit den Nachrichten \u00fcber technologische Verbesserungen und Innovationen.<\/p>\n         \n    <\/div>\n\t\t<\/div>\n\t\t\t\t<\/div>\n\t\t\t\t\t<\/div>\n\t\t<\/div>\n\t\t\t\t\t<\/div>\n\t\t<\/section>\n\t\t\t\t<section class=\"elementor-section elementor-inner-section elementor-element elementor-element-6e73ea10 elementor-section-boxed elementor-section-height-default elementor-section-height-default\" data-id=\"6e73ea10\" data-element_type=\"section\">\n\t\t\t\t\t\t<div class=\"elementor-container elementor-column-gap-extended\">\n\t\t\t\t\t<div class=\"elementor-column elementor-col-50 elementor-inner-column elementor-element elementor-element-79c9d01b\" data-id=\"79c9d01b\" data-element_type=\"column\">\n\t\t\t<div class=\"elementor-widget-wrap elementor-element-populated\">\n\t\t\t\t\t\t<div class=\"elementor-element elementor-element-1438c43d elementor-widget elementor-widget-axil-single-process-box\" data-id=\"1438c43d\" data-element_type=\"widget\" data-widget_type=\"axil-single-process-box.default\">\n\t\t\t\t<div class=\"elementor-widget-container\">\n\t\t\t    <div class=\"about-quality no-active\">\n          \n            <h3 class=\"sl-number\">4<\/h3>\n            \n        <h5 class=\"title\">Ma\u00dfgeschneiderte Strategien und L\u00f6sungen<\/h5>\n               \n             <p class=\"subtitle\">Verstehe, i\u015fte metnin Almanca \u00e7evirisi:\n\n---\n\nWir erkennen, dass jeder unserer Kunden einzigartig ist! Wir bieten unseren Verbrauchern nicht dieselben und vereinfachten Dienstleistungen an. Unser erfahrenes Team wird eng mit Ihnen zusammenarbeiten, um Ihre Gesch\u00e4ftsziele zu verstehen und die spezifischsten Strategien f\u00fcr den Erfolg Ihres Unternehmens zu entwickeln.<\/p>\n         \n    <\/div>\n\t\t<\/div>\n\t\t\t\t<\/div>\n\t\t\t\t\t<\/div>\n\t\t<\/div>\n\t\t\t\t<div class=\"elementor-column elementor-col-50 elementor-inner-column elementor-element elementor-element-3e3ceb2d\" data-id=\"3e3ceb2d\" data-element_type=\"column\">\n\t\t\t<div class=\"elementor-widget-wrap elementor-element-populated\">\n\t\t\t\t\t\t<div class=\"elementor-element elementor-element-3274bdd1 elementor-widget elementor-widget-axil-single-process-box\" data-id=\"3274bdd1\" data-element_type=\"widget\" data-widget_type=\"axil-single-process-box.default\">\n\t\t\t\t<div class=\"elementor-widget-container\">\n\t\t\t    <div class=\"about-quality no-active\">\n          \n            <h3 class=\"sl-number\">5<\/h3>\n            \n        <h5 class=\"title\">Au\u00dfergew\u00f6hnlicher Kundenservice<\/h5>\n               \n             <p class=\"subtitle\">Wir organisieren regelm\u00e4\u00dfig Treffen mit unseren Kunden, um sie auf dem Laufenden zu halten und bei Bedarf Feedback einzuholen, um noch erfolgreicher zu sein. Au\u00dferdem ermutigen wir sie, jederzeit eng mit uns zusammenzuarbeiten, um die besten Ergebnisse zu erzielen!<\/p>\n         \n    <\/div>\n\t\t<\/div>\n\t\t\t\t<\/div>\n\t\t\t\t\t<\/div>\n\t\t<\/div>\n\t\t\t\t\t<\/div>\n\t\t<\/section>\n\t\t\t\t\t<\/div>\n\t\t<\/div>\n\t\t\t\t\t<\/div>\n\t\t<\/section>\n\t\t\t\t<section class=\"elementor-section elementor-top-section elementor-element elementor-element-6cc5d82 elementor-section-boxed elementor-section-height-default elementor-section-height-default\" data-id=\"6cc5d82\" data-element_type=\"section\">\n\t\t\t\t\t\t<div class=\"elementor-container elementor-column-gap-default\">\n\t\t\t\t\t<div class=\"elementor-column elementor-col-50 elementor-top-column elementor-element elementor-element-b96fcdb\" data-id=\"b96fcdb\" data-element_type=\"column\">\n\t\t\t<div class=\"elementor-widget-wrap elementor-element-populated\">\n\t\t\t\t\t\t<div class=\"elementor-element elementor-element-c9da21b elementor-widget elementor-widget-image\" data-id=\"c9da21b\" data-element_type=\"widget\" data-widget_type=\"image.default\">\n\t\t\t\t<div class=\"elementor-widget-container\">\n\t\t\t\t\t\t\t\t\t\t\t\t\t<img decoding=\"async\" width=\"640\" height=\"736\" src=\"https:\/\/ozgmedia.com\/wp-content\/uploads\/2024\/05\/about-2.webp\" class=\"attachment-large size-large wp-image-6601\" alt=\"\" srcset=\"https:\/\/ozgmedia.com\/wp-content\/uploads\/2024\/05\/about-2.webp 680w, https:\/\/ozgmedia.com\/wp-content\/uploads\/2024\/05\/about-2-261x300.webp 261w\" sizes=\"(max-width: 640px) 100vw, 640px\" title=\"\">\t\t\t\t\t\t\t\t\t\t\t\t\t<\/div>\n\t\t\t\t<\/div>\n\t\t\t\t\t<\/div>\n\t\t<\/div>\n\t\t\t\t<div class=\"elementor-column elementor-col-50 elementor-top-column elementor-element elementor-element-a2243f5\" data-id=\"a2243f5\" data-element_type=\"column\">\n\t\t\t<div class=\"elementor-widget-wrap elementor-element-populated\">\n\t\t\t\t\t\t<div class=\"elementor-element elementor-element-733ce4f elementor-widget elementor-widget-axil-title\" data-id=\"733ce4f\" data-element_type=\"widget\" data-widget_type=\"axil-title.default\">\n\t\t\t\t<div class=\"elementor-widget-container\">\n\t\t\t     <div class=\"section-heading heading-dark heading-dark-left\">            \n                    <span class=\"subtitle\">OZG Media<\/span>\n         \n                                    <h2 class=\"title\">\n                    Zusammenarbeit ist entscheidend! Gemeinsam k\u00f6nnen wir Gro\u00dfartiges erreichen.                <\/h2> \n                         \n                    <\/div> \n   \t\t<\/div>\n\t\t\t\t<\/div>\n\t\t\t\t<div class=\"elementor-element elementor-element-6359705 elementor-widget elementor-widget-axil-button\" data-id=\"6359705\" data-element_type=\"widget\" data-widget_type=\"axil-button.default\">\n\t\t\t\t<div class=\"elementor-widget-container\">\n\t\t\t\n           <div class=\"btn-wrp-new has-icon text-left\">\n            <a class=\"btn-large axil-btn  btn-fill-primary\" href=\"\" target=\"_blank\" rel=\"nofollow\">Kontaktieren Sie uns<i class=\"fas fa-long-arrow-alt-right\"><\/i><\/a>                \n            <\/div> \n \n\t\t\t<\/div>\n\t\t\t\t<\/div>\n\t\t\t\t\t<\/div>\n\t\t<\/div>\n\t\t\t\t\t<\/div>\n\t\t<\/section>\n\t\t\t\t<\/div>\n\t\t","protected":false},"excerpt":{"rendered":"<p>Eine der am schnellsten wachsenden 360\u00b0-Digitalagenturen Elbette, i\u015fte metninizin Almanca \u00e7evirisi: &#8212; Wir sind ein international t\u00e4tiges, in der T\u00fcrkei ans\u00e4ssiges Unternehmen f\u00fcr digitale Dienstleistungen, das erstklassige L\u00f6sungen bietet, um unseren Kunden zum Online-Erfolg zu verhelfen. Unser Expertenteam ist spezialisiert auf Marktplatzintegration, Webdesign, SEO, Social-Media-Management und Content-Erstellung, um Ihnen zu helfen, Ihre Zielgruppe zu erreichen [&hellip;]<\/p>\n","protected":false},"author":1,"featured_media":0,"parent":0,"menu_order":0,"comment_status":"closed","ping_status":"closed","template":"elementor_header_footer","meta":{"_acf_changed":false,"_monsterinsights_skip_tracking":false,"_monsterinsights_sitenote_active":false,"_monsterinsights_sitenote_note":"","_monsterinsights_sitenote_category":0,"footnotes":""},"acf":[],"_links":{"self":[{"href":"https:\/\/ozgmedia.com\/de\/wp-json\/wp\/v2\/pages\/6282"}],"collection":[{"href":"https:\/\/ozgmedia.com\/de\/wp-json\/wp\/v2\/pages"}],"about":[{"href":"https:\/\/ozgmedia.com\/de\/wp-json\/wp\/v2\/types\/page"}],"author":[{"embeddable":true,"href":"https:\/\/ozgmedia.com\/de\/wp-json\/wp\/v2\/users\/1"}],"replies":[{"embeddable":true,"href":"https:\/\/ozgmedia.com\/de\/wp-json\/wp\/v2\/comments?post=6282"}],"version-history":[{"count":0,"href":"https:\/\/ozgmedia.com\/de\/wp-json\/wp\/v2\/pages\/6282\/revisions"}],"wp:attachment":[{"href":"https:\/\/ozgmedia.com\/de\/wp-json\/wp\/v2\/media?parent=6282"}],"curies":[{"name":"wp","href":"https:\/\/api.w.org\/{rel}","templated":true}]}}