{"id":6292,"date":"2021-10-21T14:59:33","date_gmt":"2021-10-21T13:59:33","guid":{"rendered":"https:\/\/ozgmedia.com\/terms-of-use\/"},"modified":"2024-05-28T17:39:35","modified_gmt":"2024-05-28T16:39:35","slug":"nutzungsbedingungen","status":"publish","type":"page","link":"https:\/\/ozgmedia.com\/de\/nutzungsbedingungen\/","title":{"rendered":"Nutzungsbedingungen"},"content":{"rendered":"\t\t<div data-elementor-type=\"wp-page\" data-elementor-id=\"6292\" class=\"elementor elementor-6292 elementor-3028\">\n\t\t\t\t<div class=\"elementor-element elementor-element-38ff6b8 privacy-policy-area e-flex e-con-boxed e-con e-parent\" data-id=\"38ff6b8\" data-element_type=\"container\">\n\t\t\t\t\t<div class=\"e-con-inner\">\n\t\t<div class=\"elementor-element elementor-element-62a748d e-con-full e-flex e-con e-child\" data-id=\"62a748d\" data-element_type=\"container\">\n\t\t\t\t<div class=\"elementor-element elementor-element-4a7faa2 elementor-widget elementor-widget-text-editor\" data-id=\"4a7faa2\" data-element_type=\"widget\" data-widget_type=\"text-editor.default\">\n\t\t\t\t<div class=\"elementor-widget-container\">\n\t\t\t<style>\/*! elementor - v3.21.0 - 26-05-2024 *\/\n.elementor-widget-text-editor.elementor-drop-cap-view-stacked .elementor-drop-cap{background-color:#69727d;color:#fff}.elementor-widget-text-editor.elementor-drop-cap-view-framed .elementor-drop-cap{color:#69727d;border:3px solid;background-color:transparent}.elementor-widget-text-editor:not(.elementor-drop-cap-view-default) .elementor-drop-cap{margin-top:8px}.elementor-widget-text-editor:not(.elementor-drop-cap-view-default) .elementor-drop-cap-letter{width:1em;height:1em}.elementor-widget-text-editor .elementor-drop-cap{float:left;text-align:center;line-height:1;font-size:50px}.elementor-widget-text-editor .elementor-drop-cap-letter{display:inline-block}<\/style>\t\t\t\t<p>Willkommen bei OZG Media! Diese Nutzungsbedingungen regeln Ihren Zugriff auf und die Nutzung unserer Website, die sich unter ozgmedia.com befindet, sowie alle damit verbundenen Dienstleistungen oder Funktionen. Durch die Nutzung der Dienste stimmen Sie diesen Bedingungen, unserer Datenschutzrichtlinie und allen zus\u00e4tzlichen Bedingungen zu, die f\u00fcr bestimmte Bereiche der Dienste oder f\u00fcr Produkte und Dienstleistungen gelten, die wir Ihnen anbieten oder zur Verf\u00fcgung stellen.<\/p>\t\t\t\t\t\t<\/div>\n\t\t\t\t<\/div>\n\t\t\t\t<div class=\"elementor-element elementor-element-848df55 elementor-widget elementor-widget-heading\" data-id=\"848df55\" data-element_type=\"widget\" data-widget_type=\"heading.default\">\n\t\t\t\t<div class=\"elementor-widget-container\">\n\t\t\t<style>\/*! elementor - v3.21.0 - 26-05-2024 *\/\n.elementor-heading-title{padding:0;margin:0;line-height:1}.elementor-widget-heading .elementor-heading-title[class*=elementor-size-]>a{color:inherit;font-size:inherit;line-height:inherit}.elementor-widget-heading .elementor-heading-title.elementor-size-small{font-size:15px}.elementor-widget-heading .elementor-heading-title.elementor-size-medium{font-size:19px}.elementor-widget-heading .elementor-heading-title.elementor-size-large{font-size:29px}.elementor-widget-heading .elementor-heading-title.elementor-size-xl{font-size:39px}.elementor-widget-heading .elementor-heading-title.elementor-size-xxl{font-size:59px}<\/style><h4 class=\"elementor-heading-title elementor-size-default\">Nutzung der Dienste<\/h4>\t\t<\/div>\n\t\t\t\t<\/div>\n\t\t\t\t<div class=\"elementor-element elementor-element-5df4a92 elementor-widget elementor-widget-text-editor\" data-id=\"5df4a92\" data-element_type=\"widget\" data-widget_type=\"text-editor.default\">\n\t\t\t\t<div class=\"elementor-widget-container\">\n\t\t\t\t\t\t\t<p>Sie d\u00fcrfen die Dienste nur f\u00fcr rechtm\u00e4\u00dfige Zwecke und in \u00dcbereinstimmung mit diesen Bedingungen nutzen. Sie tragen die alleinige Verantwortung f\u00fcr Ihre Nutzung der Dienste und f\u00fcr alle von Ihnen bereitgestellten Inhalte, einschlie\u00dflich der Einhaltung geltender Gesetze, Regeln und Vorschriften. Sie d\u00fcrfen die Dienste nicht in einer Weise nutzen, die unsere Server oder Netzwerke besch\u00e4digen, deaktivieren, \u00fcberlasten oder beeintr\u00e4chtigen oder die Nutzung und den Genuss der Dienste durch andere Parteien beeintr\u00e4chtigen k\u00f6nnte. Wir behalten uns das Recht vor, Ihren Zugang zu den Diensten jederzeit und aus beliebigem Grund zu sperren.<\/p>\t\t\t\t\t\t<\/div>\n\t\t\t\t<\/div>\n\t\t\t\t<div class=\"elementor-element elementor-element-e3c6027 elementor-widget elementor-widget-heading\" data-id=\"e3c6027\" data-element_type=\"widget\" data-widget_type=\"heading.default\">\n\t\t\t\t<div class=\"elementor-widget-container\">\n\t\t\t<h4 class=\"elementor-heading-title elementor-size-default\">Geistiges Eigentum<\/h4>\t\t<\/div>\n\t\t\t\t<\/div>\n\t\t\t\t<div class=\"elementor-element elementor-element-2c730b2 elementor-widget elementor-widget-text-editor\" data-id=\"2c730b2\" data-element_type=\"widget\" data-widget_type=\"text-editor.default\">\n\t\t\t\t<div class=\"elementor-widget-container\">\n\t\t\t\t\t\t\t<p>Die Dienste und alle Inhalte und Materialien auf den Diensten, einschlie\u00dflich, aber nicht beschr\u00e4nkt auf Texte, Grafiken, Logos, Bilder, Audio- und Videoclips und Software, sind unser Eigentum oder werden von uns lizenziert und sind durch Urheberrechte, Markenrechte und andere Gesetze zum Schutz des geistigen Eigentums gesch\u00fctzt. Ohne unsere vorherige schriftliche Zustimmung d\u00fcrfen Sie Inhalte oder Materialien, die Sie \u00fcber die Dienste erhalten, nicht kopieren, \u00e4ndern, verteilen, anzeigen, \u00fcbertragen, lizenzieren oder verkaufen.<\/p>\t\t\t\t\t\t<\/div>\n\t\t\t\t<\/div>\n\t\t\t\t<div class=\"elementor-element elementor-element-cc36e20 elementor-widget elementor-widget-heading\" data-id=\"cc36e20\" data-element_type=\"widget\" data-widget_type=\"heading.default\">\n\t\t\t\t<div class=\"elementor-widget-container\">\n\t\t\t<h4 class=\"elementor-heading-title elementor-size-default\">Benutzerinhalte<\/h4>\t\t<\/div>\n\t\t\t\t<\/div>\n\t\t\t\t<div class=\"elementor-element elementor-element-f93afa3 elementor-widget elementor-widget-text-editor\" data-id=\"f93afa3\" data-element_type=\"widget\" data-widget_type=\"text-editor.default\">\n\t\t\t\t<div class=\"elementor-widget-container\">\n\t\t\t\t\t\t\t<p>M\u00f6glicherweise k\u00f6nnen Sie Inhalte an die Dienste \u00fcbermitteln oder hochladen, einschlie\u00dflich, aber nicht beschr\u00e4nkt auf Kommentare, Rezensionen und andere Inhalte (\u201eBenutzerinhalte\u201c). Durch die \u00dcbermittlung von Benutzerinhalten gew\u00e4hren Sie uns eine nicht ausschlie\u00dfliche, \u00fcbertragbare, unterlizenzierbare, geb\u00fchrenfreie, weltweite Lizenz zur Nutzung, zum Kopieren, zur \u00c4nderung, zur Erstellung abgeleiteter Werke auf der Grundlage, zur Verbreitung, zur \u00f6ffentlichen Anzeige, zur \u00f6ffentlichen Auff\u00fchrung und zur sonstigen Verwertung in auf jede Art und Weise solche Benutzerinhalte in allen Formaten und Vertriebskan\u00e4len, die jetzt bekannt sind oder sp\u00e4ter entwickelt werden (einschlie\u00dflich in Verbindung mit den Diensten und unserem Gesch\u00e4ft sowie auf Websites und Diensten Dritter), ohne weitere Mitteilung oder Zustimmung Ihrerseits und ohne die Anforderung von Zahlung an Sie oder eine andere nat\u00fcrliche oder juristische Person.<\/p>\t\t\t\t\t\t<\/div>\n\t\t\t\t<\/div>\n\t\t\t\t<div class=\"elementor-element elementor-element-a5c9112 elementor-widget elementor-widget-heading\" data-id=\"a5c9112\" data-element_type=\"widget\" data-widget_type=\"heading.default\">\n\t\t\t\t<div class=\"elementor-widget-container\">\n\t\t\t<h4 class=\"elementor-heading-title elementor-size-default\">Haftungsausschluss und Haftungsbeschr\u00e4nkungen<\/h4>\t\t<\/div>\n\t\t\t\t<\/div>\n\t\t\t\t<div class=\"elementor-element elementor-element-c5da473 elementor-widget elementor-widget-text-editor\" data-id=\"c5da473\" data-element_type=\"widget\" data-widget_type=\"text-editor.default\">\n\t\t\t\t<div class=\"elementor-widget-container\">\n\t\t\t\t\t\t\t<p>DIE DIENSTLEISTUNGEN WERDEN \u201eWIE BESEHEN\u201c UND \u201eWIE VERF\u00dcGBAR\u201c BEREITGESTELLT, OHNE JEGLICHE AUSDR\u00dcCKLICHE ODER STILLSCHWEIGENDE GEW\u00c4HRLEISTUNGEN. WIR \u00dcBERNEHMEN KEINE GEW\u00c4HRLEISTUNG ODER ZUSICHERUNG HINSICHTLICH DER RICHTIGKEIT ODER VOLLST\u00c4NDIGKEIT DER DIENSTE ODER DER INHALTE ODER INFORMATIONEN, DIE IN DEN DIENSTLEISTUNGEN ENTHALTEN SIND. SOWEIT GESETZLICH ZUL\u00c4SSIG, SCHLIESSEN WIR ALLE AUSDR\u00dcCKLICHEN, STILLSCHWEIGENDEN ODER GESETZLICHEN GEW\u00c4HRLEISTUNGEN UND BEDINGUNGEN AUS, EINSCHLIESSLICH, OHNE BESCHR\u00c4NKUNG, STILLSCHWEIGENDER GEW\u00c4HRLEISTUNGEN DER MARKTG\u00c4NGIGKEIT, EIGNUNG F\u00dcR EINEN BESTIMMTEN ZWECK, TITEL UND NICHTVERLETZUNG. IN KEINEM FALL SIND WIR HAFTBAR F\u00dcR INDIREKTE, STRAFENDE, ZUF\u00c4LLIGE, BESONDERE ODER FOLGESCH\u00c4DEN, DIE SICH AUS DER NUTZUNG DER DIENSTLEISTUNGEN ERGEBEN ODER IN IRGENDEINER WEISE MIT DER NUTZUNG DER DIENSTLEISTUNGEN IN ZUSAMMENHANG STEHEN, WEDER AUF DER GRUNDLAGE EINES VERTRAGES, EINER unerlaubten Handlung, einer Gef\u00e4hrdungshaftung ODER ANDERWEITIG, AUCH WENN WIR WURDEN AUF DIE M\u00d6GLICHKEIT SOLCHER SCH\u00c4DEN HINGEWIESEN.<\/p>\t\t\t\t\t\t<\/div>\n\t\t\t\t<\/div>\n\t\t\t\t<div class=\"elementor-element elementor-element-8be975d elementor-widget elementor-widget-heading\" data-id=\"8be975d\" data-element_type=\"widget\" data-widget_type=\"heading.default\">\n\t\t\t\t<div class=\"elementor-widget-container\">\n\t\t\t<h4 class=\"elementor-heading-title elementor-size-default\">Geltendes Recht und Streitbeilegung<\/h4>\t\t<\/div>\n\t\t\t\t<\/div>\n\t\t\t\t<div class=\"elementor-element elementor-element-e07a5d5 elementor-widget elementor-widget-text-editor\" data-id=\"e07a5d5\" data-element_type=\"widget\" data-widget_type=\"text-editor.default\">\n\t\t\t\t<div class=\"elementor-widget-container\">\n\t\t\t\t\t\t\t<p>Diese Bedingungen und Ihre Nutzung der Dienste unterliegen den Gesetzen [Ihrer Gerichtsbarkeit] und werden in \u00dcbereinstimmung mit diesen ausgelegt, ohne dass etwaige Grunds\u00e4tze des Kollisionsrechts in Kraft treten. Alle Streitigkeiten, die sich aus diesen Bedingungen oder den Diensten ergeben oder damit in Zusammenhang stehen, m\u00fcssen einem verbindlichen Schiedsverfahren gem\u00e4\u00df den Regeln von [Ihrem Schiedsgerichtsanbieter] unterzogen werden, und die Entscheidung \u00fcber den von dem\/den Schiedsrichter(n) erlassenen Schiedsspruch kann bei jedem Gericht getroffen werden Gerichtsstand hierf\u00fcr.<\/p>\t\t\t\t\t\t<\/div>\n\t\t\t\t<\/div>\n\t\t\t\t<div class=\"elementor-element elementor-element-3d8343c elementor-widget elementor-widget-heading\" data-id=\"3d8343c\" data-element_type=\"widget\" data-widget_type=\"heading.default\">\n\t\t\t\t<div class=\"elementor-widget-container\">\n\t\t\t<h4 class=\"elementor-heading-title elementor-size-default\">Verschiedenes<\/h4>\t\t<\/div>\n\t\t\t\t<\/div>\n\t\t\t\t<div class=\"elementor-element elementor-element-03428ce elementor-widget elementor-widget-text-editor\" data-id=\"03428ce\" data-element_type=\"widget\" data-widget_type=\"text-editor.default\">\n\t\t\t\t<div class=\"elementor-widget-container\">\n\t\t\t\t\t\t\t<p>Sollte sich herausstellen, dass diese Bedingungen ung\u00fcltig oder nicht durchsetzbar sind, bleiben die \u00fcbrigen Bestimmungen in vollem Umfang in Kraft und wirksam. Unser Vers\u00e4umnis, ein Recht oder eine Bestimmung dieser Bedingungen durchzusetzen, gilt nicht als Verzicht auf dieses Recht oder diese Bestimmung. Ohne unsere vorherige schriftliche Zustimmung d\u00fcrfen Sie diese Bedingungen oder Ihre Rechte und Pflichten hieraus weder ganz noch teilweise abtreten oder \u00fcbertragen. Wir k\u00f6nnen diese Bedingungen oder unsere Rechte oder Pflichten hieraus ohne Ihre vorherige schriftliche Zustimmung abtreten. Diese Bedingungen sind f\u00fcr die Vertragsparteien und ihre jeweiligen Rechtsnachfolger und zul\u00e4ssigen Abtretungsempf\u00e4nger bindend und kommen ihnen zugute.<\/p>\t\t\t\t\t\t<\/div>\n\t\t\t\t<\/div>\n\t\t\t\t<div class=\"elementor-element elementor-element-b08a2c1 elementor-widget elementor-widget-heading\" data-id=\"b08a2c1\" data-element_type=\"widget\" data-widget_type=\"heading.default\">\n\t\t\t\t<div class=\"elementor-widget-container\">\n\t\t\t<h4 class=\"elementor-heading-title elementor-size-default\">Kontaktiere uns<\/h4>\t\t<\/div>\n\t\t\t\t<\/div>\n\t\t\t\t<div class=\"elementor-element elementor-element-9086715 elementor-widget elementor-widget-text-editor\" data-id=\"9086715\" data-element_type=\"widget\" data-widget_type=\"text-editor.default\">\n\t\t\t\t<div class=\"elementor-widget-container\">\n\t\t\t\t\t\t\t<p>Wenn Sie Fragen oder Bedenken zu diesen Bedingungen oder den Diensten haben, kontaktieren Sie uns bitte unter info@ozgmedia.com.<\/p>\t\t\t\t\t\t<\/div>\n\t\t\t\t<\/div>\n\t\t\t\t<div class=\"elementor-element elementor-element-413adf8 elementor-widget elementor-widget-text-editor\" data-id=\"413adf8\" data-element_type=\"widget\" data-widget_type=\"text-editor.default\">\n\t\t\t\t<div class=\"elementor-widget-container\">\n\t\t\t\t\t\t\t<p>Durch die Nutzung der Dienste best\u00e4tigen Sie, dass Sie diese Bedingungen gelesen und verstanden haben und damit einverstanden sind, an sie gebunden zu sein. Wenn Sie diesen Bedingungen nicht zustimmen, d\u00fcrfen Sie die Dienste nicht nutzen.<\/p>\t\t\t\t\t\t<\/div>\n\t\t\t\t<\/div>\n\t\t\t\t<\/div>\n\t\t\t\t\t<\/div>\n\t\t\t\t<\/div>\n\t\t\t\t<\/div>\n\t\t","protected":false},"excerpt":{"rendered":"<p>Willkommen bei OZG Media! Diese Nutzungsbedingungen regeln Ihren Zugriff auf und die Nutzung unserer Website, die sich unter ozgmedia.com befindet, sowie alle damit verbundenen Dienstleistungen oder Funktionen. Durch die Nutzung der Dienste stimmen Sie diesen Bedingungen, unserer Datenschutzrichtlinie und allen zus\u00e4tzlichen Bedingungen zu, die f\u00fcr bestimmte Bereiche der Dienste oder f\u00fcr Produkte und Dienstleistungen gelten, [&hellip;]<\/p>\n","protected":false},"author":1,"featured_media":0,"parent":0,"menu_order":0,"comment_status":"closed","ping_status":"closed","template":"elementor_header_footer","meta":{"_acf_changed":false,"_monsterinsights_skip_tracking":false,"_monsterinsights_sitenote_active":false,"_monsterinsights_sitenote_note":"","_monsterinsights_sitenote_category":0,"footnotes":""},"acf":[],"_links":{"self":[{"href":"https:\/\/ozgmedia.com\/de\/wp-json\/wp\/v2\/pages\/6292"}],"collection":[{"href":"https:\/\/ozgmedia.com\/de\/wp-json\/wp\/v2\/pages"}],"about":[{"href":"https:\/\/ozgmedia.com\/de\/wp-json\/wp\/v2\/types\/page"}],"author":[{"embeddable":true,"href":"https:\/\/ozgmedia.com\/de\/wp-json\/wp\/v2\/users\/1"}],"replies":[{"embeddable":true,"href":"https:\/\/ozgmedia.com\/de\/wp-json\/wp\/v2\/comments?post=6292"}],"version-history":[{"count":0,"href":"https:\/\/ozgmedia.com\/de\/wp-json\/wp\/v2\/pages\/6292\/revisions"}],"wp:attachment":[{"href":"https:\/\/ozgmedia.com\/de\/wp-json\/wp\/v2\/media?parent=6292"}],"curies":[{"name":"wp","href":"https:\/\/api.w.org\/{rel}","templated":true}]}}