{"id":6283,"date":"2021-09-15T15:12:26","date_gmt":"2021-09-15T14:12:26","guid":{"rendered":"https:\/\/ozgmedia.com\/about-us\/"},"modified":"2024-05-31T09:42:12","modified_gmt":"2024-05-31T08:42:12","slug":"hakkimizda","status":"publish","type":"page","link":"https:\/\/ozgmedia.com\/tr\/hakkimizda\/","title":{"rendered":"Hakk\u0131m\u0131zda"},"content":{"rendered":"\t\t<div data-elementor-type=\"wp-page\" data-elementor-id=\"6283\" class=\"elementor elementor-6283 elementor-116\">\n\t\t\t\t<div class=\"elementor-element elementor-element-d0958fc e-con-full e-flex e-con e-parent\" data-id=\"d0958fc\" data-element_type=\"container\">\n\t\t<div class=\"elementor-element elementor-element-5d9c0df e-con-full e-flex e-con e-child\" data-id=\"5d9c0df\" data-element_type=\"container\">\n\t\t\t\t<div class=\"elementor-element elementor-element-d5c0d0b elementor-widget elementor-widget-axil-page-title\" data-id=\"d5c0d0b\" data-element_type=\"widget\" data-widget_type=\"axil-page-title.default\">\n\t\t\t\t<div class=\"elementor-widget-container\">\n\t\t\t\n                <div class=\"breadcrum-area breadcrumb-banner single-breadcrumb\">\n                    <div class=\"container\">\n                        <div class=\"row align-items-center\">\n                            <div class=\"col-lg-6\">\n                                <div class=\"section-heading heading-left\" data-sal=\"slide-right\" data-sal-duration=\"1000\" data-sal-delay=\"300\">\n                                                                        <h2 class=\"title\">En H\u0131zl\u0131 B\u00fcy\u00fcyen 360\u00b0 Dijital Hizmet Ajanslar\u0131ndan Biri<\/h2> \n                                     \n                                                                        <p>Biz, m\u00fc\u015fterilerimizin \u00e7evrimi\u00e7i ba\u015far\u0131ya ula\u015fmalar\u0131na yard\u0131mc\u0131 olmak i\u00e7in \u00fcst d\u00fczey \u00e7\u00f6z\u00fcmler sunan, T\u00fcrkiye merkezli uluslararas\u0131 bir dijital hizmetler \u015firketiyiz. Uzman ekibimiz, hedef kitlenize ula\u015fman\u0131z ve \u00e7evrimi\u00e7i varl\u0131\u011f\u0131n\u0131z\u0131 b\u00fcy\u00fctmeniz i\u00e7in pazar yeri entegrasyonu, web tasar\u0131m\u0131, SEO, sosyal medya y\u00f6netimi ve i\u00e7erik olu\u015fturma konular\u0131nda uzmanla\u015fm\u0131\u015ft\u0131r.<\/p>\n                                        \n                                <\/div>\n                            <\/div>\n                            <div class=\"col-lg-6\">\n                                                                     <div class=\"banner-thumbnail\" data-sal=\"slide-up\" data-sal-duration=\"1000\" data-sal-delay=\"400\">\n\n                                        <img decoding=\"async\" class=\"paralax-image\" src=\"https:\/\/ozgmedia.com\/wp-content\/uploads\/2024\/05\/2-1-svg-1.webp\" alt=\"\" title=\"\">\n\n                                    <\/div>\n                                                            <\/div>\n                        <\/div>\n                    <\/div>\n                                        <ul class=\"shape-group-8 list-unstyled\">\n                                                <li class=\"shape shape-1\" data-sal=\"slide-right\" data-sal-duration=\"500\" data-sal-delay=\"100\">\n                           <img decoding=\"async\" src=\"https:\/\/ozgmedia.com\/wp-content\/plugins\/axil-elements\/assets\/media\/page-title\/bubble-9.png\" alt=\"\" title=\"\">\n                       <\/li>\n                                                                                           <\/ul>\n                                    <\/div>\n\n        \t\t<\/div>\n\t\t\t\t<\/div>\n\t\t\t\t<\/div>\n\t\t\t\t<\/div>\n\t\t\t\t<section class=\"elementor-section elementor-top-section elementor-element elementor-element-639edbe elementor-section-boxed elementor-section-height-default elementor-section-height-default\" data-id=\"639edbe\" data-element_type=\"section\">\n\t\t\t\t\t\t<div class=\"elementor-container elementor-column-gap-default\">\n\t\t\t\t\t<div class=\"elementor-column elementor-col-50 elementor-top-column elementor-element elementor-element-92b1e5d\" data-id=\"92b1e5d\" data-element_type=\"column\">\n\t\t\t<div class=\"elementor-widget-wrap elementor-element-populated\">\n\t\t\t\t\t\t<div class=\"elementor-element elementor-element-b1857ad elementor-widget elementor-widget-image\" data-id=\"b1857ad\" data-element_type=\"widget\" data-widget_type=\"image.default\">\n\t\t\t\t<div class=\"elementor-widget-container\">\n\t\t\t<style>\/*! elementor - v3.21.0 - 26-05-2024 *\/\n.elementor-widget-image{text-align:center}.elementor-widget-image a{display:inline-block}.elementor-widget-image a img[src$=\".svg\"]{width:48px}.elementor-widget-image img{vertical-align:middle;display:inline-block}<\/style>\t\t\t\t\t\t\t\t\t\t<img fetchpriority=\"high\" decoding=\"async\" width=\"640\" height=\"424\" src=\"https:\/\/ozgmedia.com\/wp-content\/uploads\/2023\/03\/pexels-lukas-590022-1024x678.jpg\" class=\"attachment-large size-large wp-image-4755\" alt=\"\" srcset=\"https:\/\/ozgmedia.com\/wp-content\/uploads\/2023\/03\/pexels-lukas-590022-1024x678.jpg 1024w, https:\/\/ozgmedia.com\/wp-content\/uploads\/2023\/03\/pexels-lukas-590022-300x199.jpg 300w, https:\/\/ozgmedia.com\/wp-content\/uploads\/2023\/03\/pexels-lukas-590022-768x509.jpg 768w, https:\/\/ozgmedia.com\/wp-content\/uploads\/2023\/03\/pexels-lukas-590022-1536x1017.jpg 1536w, https:\/\/ozgmedia.com\/wp-content\/uploads\/2023\/03\/pexels-lukas-590022-2048x1356.jpg 2048w, https:\/\/ozgmedia.com\/wp-content\/uploads\/2023\/03\/pexels-lukas-590022-600x397.jpg 600w\" sizes=\"(max-width: 640px) 100vw, 640px\" title=\"\">\t\t\t\t\t\t\t\t\t\t\t\t\t<\/div>\n\t\t\t\t<\/div>\n\t\t\t\t\t<\/div>\n\t\t<\/div>\n\t\t\t\t<div class=\"elementor-column elementor-col-50 elementor-top-column elementor-element elementor-element-da81e9b\" data-id=\"da81e9b\" data-element_type=\"column\">\n\t\t\t<div class=\"elementor-widget-wrap elementor-element-populated\">\n\t\t\t\t\t\t<div class=\"elementor-element elementor-element-43aefc2 elementor-widget elementor-widget-abstrak-casestudy\" data-id=\"43aefc2\" data-element_type=\"widget\" data-widget_type=\"abstrak-casestudy.default\">\n\t\t\t\t<div class=\"elementor-widget-container\">\n\t\t\t                 \n                <div class=\"case-study-featured\">\n                    <div class=\"section-heading heading-left\">                                           \n                                                <span class=\"subtitle\">Marka Bilinirli\u011finizi ve Sat\u0131\u015flar\u0131n\u0131z\u0131 Art\u0131rmak \u0130\u00e7in<\/span>\n                                                <h2 class=\"title\">OZG Media <\/h2>\n                        <p>Biz, dijital platformlarda profesyonel olarak hizmet veren bir dijital hizmet sa\u011flay\u0131c\u0131 \u015firketiz. Kendini i\u015fine adam\u0131\u015f uzman ekibimiz, y\u0131llard\u0131r m\u00fc\u015fterilerimize kesintisiz hizmet sunmaktad\u0131r. Dijital \u00e7a\u011fda \u00f6ne ge\u00e7mek ve pazarlama b\u00fct\u00e7enizi ak\u0131ll\u0131ca harcamak konusunda ciddiyseniz, bizimle i\u015fbirli\u011fi yapabilirsiniz. Merkezimiz \u0130stanbul'un Ka\u011f\u0131thane semtinde bulunmaktad\u0131r. Sorular\u0131n\u0131z telefonla, Google Meetings \u00fczerinden veya ofisimizde y\u00fcz y\u00fcze g\u00f6r\u00fc\u015f\u00fclerek en uygun \u015fekilde yan\u0131tlanabilir.<br>\n<br>\nE-Ticaret Pazar Yeri Y\u00f6netimi, Global Entegrasyon Sistemleri, Arama Motoru Optimizasyonu (SEO), Dijital Pazarlama, Web Sitesi Geli\u015ftirme, Video D\u00fczenleme ve Daha Fazlas\u0131 Sundu\u011fumuz Hizmetlerden Sadece Baz\u0131lar\u0131d\u0131r.<br><br>OZG Media, yeni bir markan\u0131n geli\u015ftirilmesinde yard\u0131mc\u0131 olacak yetenekli bir ekibe ihtiyac\u0131n\u0131z varsa do\u011fru yerdir. S\u00fcrekli ve b\u00f6l\u00fcnmemi\u015f destekle yan\u0131n\u0131zday\u0131z.\n\n\n\n\n\n\n<\/p>\n                        <a class=\"axil-btn btn-fill-primary btn-large\" href=\"#\" target=\"_blank\" rel=\"nofollow\">Hakk\u0131m\u0131zda<\/a>                    <\/div>\n\n                  <div class=\"case-study-counterup\">\n                                             <div class=\"single-counterup\">\n                                                             <h2 class=\"count-number\">\n                                     <span class=\"number count\" data-count=\"15\">15<\/span>\n                                        <span class=\"symbol\">+<\/span>  \n                                    <\/h2>\n                                                                                        <span class=\"counter-title\">Pazardaki Y\u0131llar<\/span>\n\n                                                    <\/div>\n                    \n                                            <!-- Start Counterup -->\n                        <div class=\"single-counterup counterup-style-1\">\n                            \n                                <h2 class=\"count-number\">\n                                <span class=\"number count\" data-count=\"244\">244<\/span>\n                                \n                                  <span class=\"symbol\">+ <\/span>\n                                <\/h2>\n                                                                                       <span class=\"counter-title\">\u015eu Ana Kadar Teslim Edilen Projeler<\/span>\n\n                                                    <\/div>                                          \n                                        <\/div>\n                <\/div>                        \n \n\t\t\t<\/div>\n\t\t\t\t<\/div>\n\t\t\t\t\t<\/div>\n\t\t<\/div>\n\t\t\t\t\t<\/div>\n\t\t<\/section>\n\t\t\t\t<section class=\"elementor-section elementor-top-section elementor-element elementor-element-22bac808 elementor-section-boxed elementor-section-height-default elementor-section-height-default\" data-id=\"22bac808\" data-element_type=\"section\" data-settings=\"{&quot;background_background&quot;:&quot;classic&quot;}\">\n\t\t\t\t\t\t\t<div class=\"elementor-background-overlay\"><\/div>\n\t\t\t\t\t\t\t<div class=\"elementor-container elementor-column-gap-no\">\n\t\t\t\t\t<div class=\"elementor-column elementor-col-100 elementor-top-column elementor-element elementor-element-48565e8e\" data-id=\"48565e8e\" data-element_type=\"column\">\n\t\t\t<div class=\"elementor-widget-wrap elementor-element-populated\">\n\t\t\t\t\t\t<section class=\"elementor-section elementor-inner-section elementor-element elementor-element-5c710d07 elementor-section-boxed elementor-section-height-default elementor-section-height-default\" data-id=\"5c710d07\" data-element_type=\"section\">\n\t\t\t\t\t\t<div class=\"elementor-container elementor-column-gap-default\">\n\t\t\t\t\t<div class=\"elementor-column elementor-col-100 elementor-inner-column elementor-element elementor-element-1a391bcb\" data-id=\"1a391bcb\" data-element_type=\"column\">\n\t\t\t<div class=\"elementor-widget-wrap elementor-element-populated\">\n\t\t\t\t\t\t<div class=\"elementor-element elementor-element-5fa4051f elementor-widget elementor-widget-axil-title\" data-id=\"5fa4051f\" data-element_type=\"widget\" data-widget_type=\"axil-title.default\">\n\t\t\t\t<div class=\"elementor-widget-container\">\n\t\t\t     <div class=\"section-heading heading-light heading-light-left\">            \n                    <span class=\"subtitle\">Nedenler<\/span>\n         \n                                    <h2 class=\"title\">\n                    Neden Bizimle \u00c7al\u0131\u015fmal\u0131s\u0131n\u0131z                <\/h2> \n                         \n                    <\/div> \n   \t\t<\/div>\n\t\t\t\t<\/div>\n\t\t\t\t\t<\/div>\n\t\t<\/div>\n\t\t\t\t\t<\/div>\n\t\t<\/section>\n\t\t\t\t<section class=\"elementor-section elementor-inner-section elementor-element elementor-element-54d9caff elementor-section-boxed elementor-section-height-default elementor-section-height-default\" data-id=\"54d9caff\" data-element_type=\"section\" data-settings=\"{&quot;background_background&quot;:&quot;classic&quot;}\">\n\t\t\t\t\t\t<div class=\"elementor-container elementor-column-gap-extended\">\n\t\t\t\t\t<div class=\"elementor-column elementor-col-33 elementor-inner-column elementor-element elementor-element-1a32ec48\" data-id=\"1a32ec48\" data-element_type=\"column\">\n\t\t\t<div class=\"elementor-widget-wrap elementor-element-populated\">\n\t\t\t\t\t\t<div class=\"elementor-element elementor-element-48c6f57f elementor-widget elementor-widget-axil-single-process-box\" data-id=\"48c6f57f\" data-element_type=\"widget\" data-widget_type=\"axil-single-process-box.default\">\n\t\t\t\t<div class=\"elementor-widget-container\">\n\t\t\t    <div class=\"about-quality active\">\n          \n            <h3 class=\"sl-number\">1<\/h3>\n            \n        <h5 class=\"title\">Uzmanl\u0131k ve Deneyim:<\/h5>\n               \n             <p class=\"subtitle\">En iyi i\u015fletmeler aras\u0131nda yer alan ekibimiz uzun y\u0131llard\u0131r dijital hizmetler sunmaktad\u0131r.<\/p>\n         \n    <\/div>\n\t\t<\/div>\n\t\t\t\t<\/div>\n\t\t\t\t\t<\/div>\n\t\t<\/div>\n\t\t\t\t<div class=\"elementor-column elementor-col-33 elementor-inner-column elementor-element elementor-element-c7c0eca\" data-id=\"c7c0eca\" data-element_type=\"column\">\n\t\t\t<div class=\"elementor-widget-wrap elementor-element-populated\">\n\t\t\t\t\t\t<div class=\"elementor-element elementor-element-4d069a15 elementor-widget elementor-widget-axil-single-process-box\" data-id=\"4d069a15\" data-element_type=\"widget\" data-widget_type=\"axil-single-process-box.default\">\n\t\t\t\t<div class=\"elementor-widget-container\">\n\t\t\t    <div class=\"about-quality active\">\n          \n            <h3 class=\"sl-number\">2<\/h3>\n            \n        <h5 class=\"title\">Rekabet\u00e7i Fiyatland\u0131rma<\/h5>\n               \n             <p class=\"subtitle\">Hizmetlerimiz, b\u00fct\u00e7eniz i\u00e7in en mant\u0131kl\u0131 se\u00e7enekleri sunmak \u00fczere uygun fiyatland\u0131r\u0131lm\u0131\u015ft\u0131r. Misyonumuz, her \u00f6l\u00e7ekteki i\u015fletmelerin eri\u015febilece\u011fi en y\u00fcksek fiyat ve performans oran\u0131na sahip dijital hizmetler sunmakt\u0131r.\n<\/p>\n         \n    <\/div>\n\t\t<\/div>\n\t\t\t\t<\/div>\n\t\t\t\t\t<\/div>\n\t\t<\/div>\n\t\t\t\t<div class=\"elementor-column elementor-col-33 elementor-inner-column elementor-element elementor-element-662583c6\" data-id=\"662583c6\" data-element_type=\"column\">\n\t\t\t<div class=\"elementor-widget-wrap elementor-element-populated\">\n\t\t\t\t\t\t<div class=\"elementor-element elementor-element-337e6f5f elementor-widget elementor-widget-axil-single-process-box\" data-id=\"337e6f5f\" data-element_type=\"widget\" data-widget_type=\"axil-single-process-box.default\">\n\t\t\t\t<div class=\"elementor-widget-container\">\n\t\t\t    <div class=\"about-quality active\">\n          \n            <h3 class=\"sl-number\">3<\/h3>\n            \n        <h5 class=\"title\">Yenilik\u00e7i \u00c7\u00f6z\u00fcmler<\/h5>\n               \n             <p class=\"subtitle\">Her alanda en iyi dijital hizmetleri sunabilmek i\u00e7in her zaman g\u00fcncel kal\u0131yoruz. Geleneksel veya eski y\u00f6ntemlerden ba\u011f\u0131ms\u0131z olarak, teknolojik geli\u015fmeler ve yenilikler konusundaki haberleri takip etmeye devam ediyoruz.<\/p>\n         \n    <\/div>\n\t\t<\/div>\n\t\t\t\t<\/div>\n\t\t\t\t\t<\/div>\n\t\t<\/div>\n\t\t\t\t\t<\/div>\n\t\t<\/section>\n\t\t\t\t<section class=\"elementor-section elementor-inner-section elementor-element elementor-element-6e73ea10 elementor-section-boxed elementor-section-height-default elementor-section-height-default\" data-id=\"6e73ea10\" data-element_type=\"section\">\n\t\t\t\t\t\t<div class=\"elementor-container elementor-column-gap-extended\">\n\t\t\t\t\t<div class=\"elementor-column elementor-col-50 elementor-inner-column elementor-element elementor-element-79c9d01b\" data-id=\"79c9d01b\" data-element_type=\"column\">\n\t\t\t<div class=\"elementor-widget-wrap elementor-element-populated\">\n\t\t\t\t\t\t<div class=\"elementor-element elementor-element-1438c43d elementor-widget elementor-widget-axil-single-process-box\" data-id=\"1438c43d\" data-element_type=\"widget\" data-widget_type=\"axil-single-process-box.default\">\n\t\t\t\t<div class=\"elementor-widget-container\">\n\t\t\t    <div class=\"about-quality no-active\">\n          \n            <h3 class=\"sl-number\">4<\/h3>\n            \n        <h5 class=\"title\">\u00d6zelle\u015ftirilmi\u015f Stratejiler ve \u00c7\u00f6z\u00fcmler<\/h5>\n               \n             <p class=\"subtitle\">M\u00fc\u015fterilerimizin her birinin benzersiz oldu\u011funun fark\u0131nday\u0131z! T\u00fcketicilerimize ayn\u0131 ve basitle\u015ftirilmi\u015f hizmetleri sunmuyoruz. Uzman ekibimiz, i\u015fletme hedeflerinizi anlamak ve kurulu\u015funuzun ba\u015far\u0131s\u0131 i\u00e7in en \u00f6zg\u00fcn stratejileri olu\u015fturmak i\u00e7in sizinle i\u015fbirli\u011fi i\u00e7inde \u00e7al\u0131\u015facakt\u0131r.<\/p>\n         \n    <\/div>\n\t\t<\/div>\n\t\t\t\t<\/div>\n\t\t\t\t\t<\/div>\n\t\t<\/div>\n\t\t\t\t<div class=\"elementor-column elementor-col-50 elementor-inner-column elementor-element elementor-element-3e3ceb2d\" data-id=\"3e3ceb2d\" data-element_type=\"column\">\n\t\t\t<div class=\"elementor-widget-wrap elementor-element-populated\">\n\t\t\t\t\t\t<div class=\"elementor-element elementor-element-3274bdd1 elementor-widget elementor-widget-axil-single-process-box\" data-id=\"3274bdd1\" data-element_type=\"widget\" data-widget_type=\"axil-single-process-box.default\">\n\t\t\t\t<div class=\"elementor-widget-container\">\n\t\t\t    <div class=\"about-quality no-active\">\n          \n            <h3 class=\"sl-number\">5<\/h3>\n            \n        <h5 class=\"title\">Ola\u011fan\u00fcst\u00fc M\u00fc\u015fteri Hizmetleri<\/h5>\n               \n             <p class=\"subtitle\">M\u00fc\u015fterilerimizi g\u00fcncel tutmak ve ba\u015far\u0131l\u0131 olmalar\u0131 i\u00e7in gerekli olan herhangi bir geri bildirimi almak amac\u0131yla periyodik olarak toplant\u0131lar d\u00fczenliyoruz. Ayn\u0131 zamanda en iyi sonu\u00e7lar i\u00e7in s\u00fcrekli olarak bizimle i\u015fbirli\u011fi yapmalar\u0131n\u0131 te\u015fvik ediyoruz!<\/p>\n         \n    <\/div>\n\t\t<\/div>\n\t\t\t\t<\/div>\n\t\t\t\t\t<\/div>\n\t\t<\/div>\n\t\t\t\t\t<\/div>\n\t\t<\/section>\n\t\t\t\t\t<\/div>\n\t\t<\/div>\n\t\t\t\t\t<\/div>\n\t\t<\/section>\n\t\t\t\t<section class=\"elementor-section elementor-top-section elementor-element elementor-element-6cc5d82 elementor-section-boxed elementor-section-height-default elementor-section-height-default\" data-id=\"6cc5d82\" data-element_type=\"section\">\n\t\t\t\t\t\t<div class=\"elementor-container elementor-column-gap-default\">\n\t\t\t\t\t<div class=\"elementor-column elementor-col-50 elementor-top-column elementor-element elementor-element-b96fcdb\" data-id=\"b96fcdb\" data-element_type=\"column\">\n\t\t\t<div class=\"elementor-widget-wrap elementor-element-populated\">\n\t\t\t\t\t\t<div class=\"elementor-element elementor-element-c9da21b elementor-widget elementor-widget-image\" data-id=\"c9da21b\" data-element_type=\"widget\" data-widget_type=\"image.default\">\n\t\t\t\t<div class=\"elementor-widget-container\">\n\t\t\t\t\t\t\t\t\t\t\t\t\t<img decoding=\"async\" width=\"680\" height=\"782\" src=\"https:\/\/ozgmedia.com\/wp-content\/uploads\/2024\/05\/about-2.webp\" class=\"attachment-full size-full wp-image-6602\" alt=\"\" srcset=\"https:\/\/ozgmedia.com\/wp-content\/uploads\/2024\/05\/about-2.webp 680w, https:\/\/ozgmedia.com\/wp-content\/uploads\/2024\/05\/about-2-261x300.webp 261w\" sizes=\"(max-width: 680px) 100vw, 680px\" title=\"\">\t\t\t\t\t\t\t\t\t\t\t\t\t<\/div>\n\t\t\t\t<\/div>\n\t\t\t\t\t<\/div>\n\t\t<\/div>\n\t\t\t\t<div class=\"elementor-column elementor-col-50 elementor-top-column elementor-element elementor-element-a2243f5\" data-id=\"a2243f5\" data-element_type=\"column\">\n\t\t\t<div class=\"elementor-widget-wrap elementor-element-populated\">\n\t\t\t\t\t\t<div class=\"elementor-element elementor-element-733ce4f elementor-widget elementor-widget-axil-title\" data-id=\"733ce4f\" data-element_type=\"widget\" data-widget_type=\"axil-title.default\">\n\t\t\t\t<div class=\"elementor-widget-container\">\n\t\t\t     <div class=\"section-heading heading-dark heading-dark-left\">            \n                    <span class=\"subtitle\">OZG Media<\/span>\n         \n                                    <h2 class=\"title\">\n                    \u0130\u015fbirli\u011fi anahtard\u0131r! Birlikte b\u00fcy\u00fck \u015feyler ba\u015farabiliriz.                <\/h2> \n                         \n                    <\/div> \n   \t\t<\/div>\n\t\t\t\t<\/div>\n\t\t\t\t<div class=\"elementor-element elementor-element-6359705 elementor-widget elementor-widget-axil-button\" data-id=\"6359705\" data-element_type=\"widget\" data-widget_type=\"axil-button.default\">\n\t\t\t\t<div class=\"elementor-widget-container\">\n\t\t\t\n           <div class=\"btn-wrp-new has-icon text-left\">\n            <a class=\"btn-large axil-btn  btn-fill-primary\" href=\"\" target=\"_blank\" rel=\"nofollow\">Bizimle \u0130leti\u015fime Ge\u00e7in<i class=\"fas fa-long-arrow-alt-right\"><\/i><\/a>                \n            <\/div> \n \n\t\t\t<\/div>\n\t\t\t\t<\/div>\n\t\t\t\t\t<\/div>\n\t\t<\/div>\n\t\t\t\t\t<\/div>\n\t\t<\/section>\n\t\t\t\t<\/div>\n\t\t","protected":false},"excerpt":{"rendered":"<p>En H\u0131zl\u0131 B\u00fcy\u00fcyen 360\u00b0 Dijital Hizmet Ajanslar\u0131ndan Biri Biz, m\u00fc\u015fterilerimizin \u00e7evrimi\u00e7i ba\u015far\u0131ya ula\u015fmalar\u0131na yard\u0131mc\u0131 olmak i\u00e7in \u00fcst d\u00fczey \u00e7\u00f6z\u00fcmler sunan, T\u00fcrkiye merkezli uluslararas\u0131 bir dijital hizmetler \u015firketiyiz. Uzman ekibimiz, hedef kitlenize ula\u015fman\u0131z ve \u00e7evrimi\u00e7i varl\u0131\u011f\u0131n\u0131z\u0131 b\u00fcy\u00fctmeniz i\u00e7in pazar yeri entegrasyonu, web tasar\u0131m\u0131, SEO, sosyal medya y\u00f6netimi ve i\u00e7erik olu\u015fturma konular\u0131nda uzmanla\u015fm\u0131\u015ft\u0131r. Marka Bilinirli\u011finizi ve Sat\u0131\u015flar\u0131n\u0131z\u0131 [&hellip;]<\/p>\n","protected":false},"author":1,"featured_media":0,"parent":0,"menu_order":0,"comment_status":"closed","ping_status":"closed","template":"elementor_header_footer","meta":{"_acf_changed":false,"_monsterinsights_skip_tracking":false,"_monsterinsights_sitenote_active":false,"_monsterinsights_sitenote_note":"","_monsterinsights_sitenote_category":0,"footnotes":""},"acf":[],"_links":{"self":[{"href":"https:\/\/ozgmedia.com\/tr\/wp-json\/wp\/v2\/pages\/6283"}],"collection":[{"href":"https:\/\/ozgmedia.com\/tr\/wp-json\/wp\/v2\/pages"}],"about":[{"href":"https:\/\/ozgmedia.com\/tr\/wp-json\/wp\/v2\/types\/page"}],"author":[{"embeddable":true,"href":"https:\/\/ozgmedia.com\/tr\/wp-json\/wp\/v2\/users\/1"}],"replies":[{"embeddable":true,"href":"https:\/\/ozgmedia.com\/tr\/wp-json\/wp\/v2\/comments?post=6283"}],"version-history":[{"count":9,"href":"https:\/\/ozgmedia.com\/tr\/wp-json\/wp\/v2\/pages\/6283\/revisions"}],"predecessor-version":[{"id":6686,"href":"https:\/\/ozgmedia.com\/tr\/wp-json\/wp\/v2\/pages\/6283\/revisions\/6686"}],"wp:attachment":[{"href":"https:\/\/ozgmedia.com\/tr\/wp-json\/wp\/v2\/media?parent=6283"}],"curies":[{"name":"wp","href":"https:\/\/api.w.org\/{rel}","templated":true}]}}