{"id":6293,"date":"2021-10-21T14:59:33","date_gmt":"2021-10-21T13:59:33","guid":{"rendered":"https:\/\/ozgmedia.com\/terms-of-use\/"},"modified":"2024-05-28T08:48:23","modified_gmt":"2024-05-28T07:48:23","slug":"kullanim-sartlari","status":"publish","type":"page","link":"https:\/\/ozgmedia.com\/tr\/kullanim-sartlari\/","title":{"rendered":"Kullan\u0131m \u015eartlar\u0131"},"content":{"rendered":"\t\t<div data-elementor-type=\"wp-page\" data-elementor-id=\"6293\" class=\"elementor elementor-6293 elementor-3028\">\n\t\t\t\t<div class=\"elementor-element elementor-element-38ff6b8 privacy-policy-area e-flex e-con-boxed e-con e-parent\" data-id=\"38ff6b8\" data-element_type=\"container\">\n\t\t\t\t\t<div class=\"e-con-inner\">\n\t\t<div class=\"elementor-element elementor-element-62a748d e-con-full e-flex e-con e-child\" data-id=\"62a748d\" data-element_type=\"container\">\n\t\t\t\t<div class=\"elementor-element elementor-element-4a7faa2 elementor-widget elementor-widget-text-editor\" data-id=\"4a7faa2\" data-element_type=\"widget\" data-widget_type=\"text-editor.default\">\n\t\t\t\t<div class=\"elementor-widget-container\">\n\t\t\t<style>\/*! elementor - v3.21.0 - 26-05-2024 *\/\n.elementor-widget-text-editor.elementor-drop-cap-view-stacked .elementor-drop-cap{background-color:#69727d;color:#fff}.elementor-widget-text-editor.elementor-drop-cap-view-framed .elementor-drop-cap{color:#69727d;border:3px solid;background-color:transparent}.elementor-widget-text-editor:not(.elementor-drop-cap-view-default) .elementor-drop-cap{margin-top:8px}.elementor-widget-text-editor:not(.elementor-drop-cap-view-default) .elementor-drop-cap-letter{width:1em;height:1em}.elementor-widget-text-editor .elementor-drop-cap{float:left;text-align:center;line-height:1;font-size:50px}.elementor-widget-text-editor .elementor-drop-cap-letter{display:inline-block}<\/style>\t\t\t\t<p>OZG Media&#8217;ya ho\u015f geldiniz! Bu Kullan\u0131m \u015eartlar\u0131, ozgmedia.com adresinde bulunan web sitemize ve ilgili hizmetlere veya \u00f6zelliklere eri\u015fiminizi ve bunlar\u0131 kullan\u0131m\u0131n\u0131z\u0131 y\u00f6netir. Hizmetleri kullanarak, bu \u015eartlar\u0131, Gizlilik Politikam\u0131z\u0131 ve Hizmetlerin belirli b\u00f6l\u00fcmleri veya size sundu\u011fumuz veya eri\u015fiminize a\u00e7t\u0131\u011f\u0131m\u0131z \u00fcr\u00fcn ve hizmetler i\u00e7in ge\u00e7erli olabilecek ek \u015fart ve ko\u015fullar\u0131 kabul etmi\u015f olursunuz.<\/p>\t\t\t\t\t\t<\/div>\n\t\t\t\t<\/div>\n\t\t\t\t<div class=\"elementor-element elementor-element-848df55 elementor-widget elementor-widget-heading\" data-id=\"848df55\" data-element_type=\"widget\" data-widget_type=\"heading.default\">\n\t\t\t\t<div class=\"elementor-widget-container\">\n\t\t\t<style>\/*! elementor - v3.21.0 - 26-05-2024 *\/\n.elementor-heading-title{padding:0;margin:0;line-height:1}.elementor-widget-heading .elementor-heading-title[class*=elementor-size-]>a{color:inherit;font-size:inherit;line-height:inherit}.elementor-widget-heading .elementor-heading-title.elementor-size-small{font-size:15px}.elementor-widget-heading .elementor-heading-title.elementor-size-medium{font-size:19px}.elementor-widget-heading .elementor-heading-title.elementor-size-large{font-size:29px}.elementor-widget-heading .elementor-heading-title.elementor-size-xl{font-size:39px}.elementor-widget-heading .elementor-heading-title.elementor-size-xxl{font-size:59px}<\/style><h4 class=\"elementor-heading-title elementor-size-default\">Hizmetlerin Kullan\u0131m\u0131<\/h4>\t\t<\/div>\n\t\t\t\t<\/div>\n\t\t\t\t<div class=\"elementor-element elementor-element-5df4a92 elementor-widget elementor-widget-text-editor\" data-id=\"5df4a92\" data-element_type=\"widget\" data-widget_type=\"text-editor.default\">\n\t\t\t\t<div class=\"elementor-widget-container\">\n\t\t\t\t\t\t\t<p>Hizmetleri yaln\u0131zca yasal ama\u00e7lar i\u00e7in ve bu \u015eartlara uygun olarak kullanabilirsiniz. Hizmetleri kullan\u0131m\u0131n\u0131zdan ve sa\u011flad\u0131\u011f\u0131n\u0131z i\u00e7erikten, ilgili yasalar, kurallar ve d\u00fczenlemelere uyum dahil olmak \u00fczere, yaln\u0131zca siz sorumlusunuz. Hizmetleri, sunucular\u0131m\u0131za veya a\u011flar\u0131m\u0131za zarar verebilecek, devre d\u0131\u015f\u0131 b\u0131rakabilecek, a\u015f\u0131r\u0131 y\u00fckleyebilecek veya bunlara zarar verebilecek ya da ba\u015fka bir taraf\u0131n Hizmetleri kullanmas\u0131n\u0131 ve bunlardan faydalanmas\u0131n\u0131 engelleyebilecek herhangi bir \u015fekilde kullanamazs\u0131n\u0131z. Hizmetlere eri\u015fiminizi herhangi bir nedenle istedi\u011fimiz zaman sonland\u0131rma hakk\u0131n\u0131 sakl\u0131 tutar\u0131z.<\/p>\t\t\t\t\t\t<\/div>\n\t\t\t\t<\/div>\n\t\t\t\t<div class=\"elementor-element elementor-element-e3c6027 elementor-widget elementor-widget-heading\" data-id=\"e3c6027\" data-element_type=\"widget\" data-widget_type=\"heading.default\">\n\t\t\t\t<div class=\"elementor-widget-container\">\n\t\t\t<h4 class=\"elementor-heading-title elementor-size-default\">Fikri m\u00fclkiyet<\/h4>\t\t<\/div>\n\t\t\t\t<\/div>\n\t\t\t\t<div class=\"elementor-element elementor-element-2c730b2 elementor-widget elementor-widget-text-editor\" data-id=\"2c730b2\" data-element_type=\"widget\" data-widget_type=\"text-editor.default\">\n\t\t\t\t<div class=\"elementor-widget-container\">\n\t\t\t\t\t\t\t<p>Hizmetler ve Hizmetlerde bulunan t\u00fcm i\u00e7erik ve materyaller, metin, grafik, logolar, g\u00f6r\u00fcnt\u00fcler, ses ve video klipler ve yaz\u0131l\u0131m dahil ancak bunlarla s\u0131n\u0131rl\u0131 olmamak \u00fczere, taraf\u0131m\u0131zdan sahip olunan veya lisanslanan ve telif hakk\u0131, ticari marka ve di\u011fer fikri m\u00fclkiyet yasalar\u0131 ile korunan i\u00e7erik ve materyallerdir. \u00d6nceden yaz\u0131l\u0131 iznimiz olmadan Hizmetler arac\u0131l\u0131\u011f\u0131yla elde edilen herhangi bir i\u00e7erik veya materyali kopyalayamaz, de\u011fi\u015ftiremez, da\u011f\u0131tamaz, g\u00f6r\u00fcnt\u00fcleyemez, iletemez, lisanslayamaz veya satamazs\u0131n\u0131z.<\/p>\t\t\t\t\t\t<\/div>\n\t\t\t\t<\/div>\n\t\t\t\t<div class=\"elementor-element elementor-element-cc36e20 elementor-widget elementor-widget-heading\" data-id=\"cc36e20\" data-element_type=\"widget\" data-widget_type=\"heading.default\">\n\t\t\t\t<div class=\"elementor-widget-container\">\n\t\t\t<h4 class=\"elementor-heading-title elementor-size-default\">Kullan\u0131c\u0131 \u0130\u00e7eri\u011fi<\/h4>\t\t<\/div>\n\t\t\t\t<\/div>\n\t\t\t\t<div class=\"elementor-element elementor-element-f93afa3 elementor-widget elementor-widget-text-editor\" data-id=\"f93afa3\" data-element_type=\"widget\" data-widget_type=\"text-editor.default\">\n\t\t\t\t<div class=\"elementor-widget-container\">\n\t\t\t\t\t\t\t<p>Hizmetlere, yorumlar, incelemeler ve di\u011fer i\u00e7erikler (&#8220;Kullan\u0131c\u0131 \u0130\u00e7eri\u011fi&#8221;) dahil ancak bunlarla s\u0131n\u0131rl\u0131 olmamak \u00fczere i\u00e7erik g\u00f6nderebilir veya y\u00fckleyebilirsiniz. Kullan\u0131c\u0131 \u0130\u00e7eri\u011fi g\u00f6ndererek, bize bu Kullan\u0131c\u0131 \u0130\u00e7eri\u011fini kullanmak, kopyalamak, de\u011fi\u015ftirmek, t\u00fcrev \u00e7al\u0131\u015fmalar olu\u015fturmak, da\u011f\u0131tmak, herkese a\u00e7\u0131k olarak sergilemek, herkese a\u00e7\u0131k olarak icra etmek ve di\u011fer t\u00fcm format ve da\u011f\u0131t\u0131m kanallar\u0131nda (Hizmetlerle ve i\u015fimizle ba\u011flant\u0131l\u0131 olarak ve \u00fc\u00e7\u00fcnc\u00fc taraf sitelerde ve hizmetlerde dahil olmak \u00fczere) \u015fimdi bilinen veya daha sonra tasarlanacak herhangi bir \u015fekilde kullanmak, ve istismar etmek i\u00e7in m\u00fcnhas\u0131r olmayan, devredilebilir, alt lisanslanabilir, telifsiz, d\u00fcnya \u00e7ap\u0131nda ge\u00e7erli bir lisans vermi\u015f olursunuz. Bu i\u015flem i\u00e7in size veya ba\u015fka herhangi bir ki\u015fi veya kurulu\u015fa bildirimde bulunma, onay alma veya \u00f6deme yapma zorunlulu\u011fu olmaks\u0131z\u0131n ger\u00e7ekle\u015ftirilir.<\/p>\t\t\t\t\t\t<\/div>\n\t\t\t\t<\/div>\n\t\t\t\t<div class=\"elementor-element elementor-element-a5c9112 elementor-widget elementor-widget-heading\" data-id=\"a5c9112\" data-element_type=\"widget\" data-widget_type=\"heading.default\">\n\t\t\t\t<div class=\"elementor-widget-container\">\n\t\t\t<h4 class=\"elementor-heading-title elementor-size-default\">Sorumluluk Reddi ve Sorumluluk S\u0131n\u0131rlamalar\u0131<\/h4>\t\t<\/div>\n\t\t\t\t<\/div>\n\t\t\t\t<div class=\"elementor-element elementor-element-c5da473 elementor-widget elementor-widget-text-editor\" data-id=\"c5da473\" data-element_type=\"widget\" data-widget_type=\"text-editor.default\">\n\t\t\t\t<div class=\"elementor-widget-container\">\n\t\t\t\t\t\t\t<p>H\u0130ZMETLER, A\u00c7IK VEYA ZIMN\u0130 HERHANG\u0130 B\u0130R GARANT\u0130 OLMAKSIZIN &#8220;OLDU\u011eU G\u0130B\u0130&#8221; VE &#8220;MEVCUT OLDU\u011eU G\u0130B\u0130&#8221; SA\u011eLANIR. H\u0130ZMETLER\u0130N VEYA H\u0130ZMETLERDE YER ALAN \u0130\u00c7ER\u0130\u011e\u0130N VEYA B\u0130LG\u0130LER\u0130N DO\u011eRULU\u011eU VEYA TAMLI\u011eI HAKKINDA H\u0130\u00c7B\u0130R GARANT\u0130 VEYA BEYANDA BULUNMUYORUZ. YASALARIN \u0130Z\u0130N VERD\u0130\u011e\u0130 AZAM\u0130 \u00d6L\u00c7\u00dcDE, T\u0130CAR\u0130 ELVER\u0130\u015eL\u0130L\u0130K, BEL\u0130RL\u0130 B\u0130R AMACA UYGUNLUK, BA\u015eLIK VE \u0130HLAL ETMEME KONUSUNDA ZIMN\u0130 GARANT\u0130LER DAH\u0130L ANCAK BUNLARLA SINIRLI OLMAMAK \u00dcZERE A\u00c7IK, ZIMN\u0130 VEYA YASAL T\u00dcM GARANT\u0130LER\u0130 VE KO\u015eULLARI REDDED\u0130YORUZ. H\u0130\u00c7B\u0130R DURUMDA, S\u00d6ZLE\u015eME, HAKSIZ F\u0130\u0130L, KUSURSUZ SORUMLULUK VEYA BA\u015eKA B\u0130R \u015eEYE DAYANARAK H\u0130ZMETLER\u0130N KULLANIMIYLA \u0130LG\u0130L\u0130 VEYA HERHANG\u0130 B\u0130R \u015eEK\u0130LDE KAYNAKLANAN HERHANG\u0130 B\u0130R DOLAYLI, CEZA\u0130, ARIZ\u0130, \u00d6ZEL VEYA SONU\u00c7TA ORTAYA \u00c7IKAN ZARARLARDAN SORUMLU OLMAYACA\u011eIZ. BU T\u00dcR ZARARLARIN OLAB\u0130LECE\u011e\u0130 HAKKINDA B\u0130LG\u0130LEND\u0130R\u0130LD\u0130K.<\/p>\t\t\t\t\t\t<\/div>\n\t\t\t\t<\/div>\n\t\t\t\t<div class=\"elementor-element elementor-element-8be975d elementor-widget elementor-widget-heading\" data-id=\"8be975d\" data-element_type=\"widget\" data-widget_type=\"heading.default\">\n\t\t\t\t<div class=\"elementor-widget-container\">\n\t\t\t<h4 class=\"elementor-heading-title elementor-size-default\">Ge\u00e7erli Hukuk ve Uyu\u015fmazl\u0131k \u00c7\u00f6z\u00fcm\u00fc<\/h4>\t\t<\/div>\n\t\t\t\t<\/div>\n\t\t\t\t<div class=\"elementor-element elementor-element-e07a5d5 elementor-widget elementor-widget-text-editor\" data-id=\"e07a5d5\" data-element_type=\"widget\" data-widget_type=\"text-editor.default\">\n\t\t\t\t<div class=\"elementor-widget-container\">\n\t\t\t\t\t\t\t<p>Bu \u015eartlar ve Hizmetleri kullan\u0131m\u0131n\u0131z, herhangi bir kanun ihtilaf\u0131 ilkesini y\u00fcr\u00fcrl\u00fc\u011fe koymaks\u0131z\u0131n, [Sizin Yetki Alan\u0131n\u0131z] kanunlar\u0131na g\u00f6re y\u00f6netilecek ve yorumlanacakt\u0131r. Bu \u015eartlar veya Hizmetlerden kaynaklanan veya bunlarla ilgili herhangi bir anla\u015fmazl\u0131k, [Tahkim Sa\u011flay\u0131c\u0131n\u0131z] kurallar\u0131na uygun olarak ba\u011flay\u0131c\u0131 tahkime sunulacakt\u0131r ve hakem(ler) taraf\u0131ndan verilen karara ili\u015fkin karar, a\u015fa\u011f\u0131daki yetkiye sahip herhangi bir mahkemede verilebilir: yarg\u0131 yetkisi.<\/p>\t\t\t\t\t\t<\/div>\n\t\t\t\t<\/div>\n\t\t\t\t<div class=\"elementor-element elementor-element-3d8343c elementor-widget elementor-widget-heading\" data-id=\"3d8343c\" data-element_type=\"widget\" data-widget_type=\"heading.default\">\n\t\t\t\t<div class=\"elementor-widget-container\">\n\t\t\t<h4 class=\"elementor-heading-title elementor-size-default\">\u00c7e\u015fitli<\/h4>\t\t<\/div>\n\t\t\t\t<\/div>\n\t\t\t\t<div class=\"elementor-element elementor-element-03428ce elementor-widget elementor-widget-text-editor\" data-id=\"03428ce\" data-element_type=\"widget\" data-widget_type=\"text-editor.default\">\n\t\t\t\t<div class=\"elementor-widget-container\">\n\t\t\t\t\t\t\t<p>Bu Ko\u015fullar\u0131n ge\u00e7ersiz veya uygulanamaz oldu\u011fu tespit edilirse, geri kalan h\u00fck\u00fcmler tam olarak y\u00fcr\u00fcrl\u00fckte kalacakt\u0131r. Bu \u015eartlar\u0131n herhangi bir hakk\u0131n\u0131 veya h\u00fckm\u00fcn\u00fc uygulamamam\u0131z, s\u00f6z konusu hak veya h\u00fck\u00fcmden feragat edildi\u011fi anlam\u0131na gelmez. Bu \u015eartlar\u0131 veya bu \u015eartlar kapsam\u0131ndaki haklar\u0131n\u0131z\u0131 veya y\u00fck\u00fcml\u00fcl\u00fcklerinizi, \u00f6nceden yaz\u0131l\u0131 iznimiz olmadan k\u0131smen veya tamamen devredemez veya aktaramazs\u0131n\u0131z. Bu Ko\u015fullar\u0131 veya buradaki haklar\u0131m\u0131zdan veya y\u00fck\u00fcml\u00fcl\u00fcklerimizden herhangi birini \u00f6nceden yaz\u0131l\u0131 izniniz olmadan devredebiliriz. Bu \u015eartlar, buradaki taraflar ve onlar\u0131n ilgili halefleri ve izin verilen devralanlar i\u00e7in ba\u011flay\u0131c\u0131 olacak ve onlar\u0131n yarar\u0131na ge\u00e7erli olacakt\u0131r.<\/p>\t\t\t\t\t\t<\/div>\n\t\t\t\t<\/div>\n\t\t\t\t<div class=\"elementor-element elementor-element-b08a2c1 elementor-widget elementor-widget-heading\" data-id=\"b08a2c1\" data-element_type=\"widget\" data-widget_type=\"heading.default\">\n\t\t\t\t<div class=\"elementor-widget-container\">\n\t\t\t<h4 class=\"elementor-heading-title elementor-size-default\">\u0130leti\u015fim<\/h4>\t\t<\/div>\n\t\t\t\t<\/div>\n\t\t\t\t<div class=\"elementor-element elementor-element-9086715 elementor-widget elementor-widget-text-editor\" data-id=\"9086715\" data-element_type=\"widget\" data-widget_type=\"text-editor.default\">\n\t\t\t\t<div class=\"elementor-widget-container\">\n\t\t\t\t\t\t\t<p>Bu \u015eartlar veya Hizmetler hakk\u0131nda herhangi bir sorunuz veya endi\u015feniz varsa l\u00fctfen info@ozgmedia.com adresinden bizimle ileti\u015fime ge\u00e7in.<\/p>\t\t\t\t\t\t<\/div>\n\t\t\t\t<\/div>\n\t\t\t\t<div class=\"elementor-element elementor-element-413adf8 elementor-widget elementor-widget-text-editor\" data-id=\"413adf8\" data-element_type=\"widget\" data-widget_type=\"text-editor.default\">\n\t\t\t\t<div class=\"elementor-widget-container\">\n\t\t\t\t\t\t\t<p>Hizmetleri kullanarak bu Ko\u015fullar\u0131 okudu\u011funuzu, anlad\u0131\u011f\u0131n\u0131z\u0131 ve bunlara ba\u011fl\u0131 kalmay\u0131 kabul etti\u011finizi onaylam\u0131\u015f olursunuz. Bu Ko\u015fullar\u0131 kabul etmiyorsan\u0131z Hizmetleri kullanamazs\u0131n\u0131z.<\/p>\t\t\t\t\t\t<\/div>\n\t\t\t\t<\/div>\n\t\t\t\t<\/div>\n\t\t\t\t\t<\/div>\n\t\t\t\t<\/div>\n\t\t\t\t<\/div>\n\t\t","protected":false},"excerpt":{"rendered":"<p>OZG Media&#8217;ya ho\u015f geldiniz! Bu Kullan\u0131m \u015eartlar\u0131, ozgmedia.com adresinde bulunan web sitemize ve ilgili hizmetlere veya \u00f6zelliklere eri\u015fiminizi ve bunlar\u0131 kullan\u0131m\u0131n\u0131z\u0131 y\u00f6netir. Hizmetleri kullanarak, bu \u015eartlar\u0131, Gizlilik Politikam\u0131z\u0131 ve Hizmetlerin belirli b\u00f6l\u00fcmleri veya size sundu\u011fumuz veya eri\u015fiminize a\u00e7t\u0131\u011f\u0131m\u0131z \u00fcr\u00fcn ve hizmetler i\u00e7in ge\u00e7erli olabilecek ek \u015fart ve ko\u015fullar\u0131 kabul etmi\u015f olursunuz. Hizmetlerin Kullan\u0131m\u0131 Hizmetleri yaln\u0131zca [&hellip;]<\/p>\n","protected":false},"author":1,"featured_media":0,"parent":0,"menu_order":0,"comment_status":"closed","ping_status":"closed","template":"elementor_header_footer","meta":{"_acf_changed":false,"_monsterinsights_skip_tracking":false,"_monsterinsights_sitenote_active":false,"_monsterinsights_sitenote_note":"","_monsterinsights_sitenote_category":0,"footnotes":""},"acf":[],"_links":{"self":[{"href":"https:\/\/ozgmedia.com\/tr\/wp-json\/wp\/v2\/pages\/6293"}],"collection":[{"href":"https:\/\/ozgmedia.com\/tr\/wp-json\/wp\/v2\/pages"}],"about":[{"href":"https:\/\/ozgmedia.com\/tr\/wp-json\/wp\/v2\/types\/page"}],"author":[{"embeddable":true,"href":"https:\/\/ozgmedia.com\/tr\/wp-json\/wp\/v2\/users\/1"}],"replies":[{"embeddable":true,"href":"https:\/\/ozgmedia.com\/tr\/wp-json\/wp\/v2\/comments?post=6293"}],"version-history":[{"count":0,"href":"https:\/\/ozgmedia.com\/tr\/wp-json\/wp\/v2\/pages\/6293\/revisions"}],"wp:attachment":[{"href":"https:\/\/ozgmedia.com\/tr\/wp-json\/wp\/v2\/media?parent=6293"}],"curies":[{"name":"wp","href":"https:\/\/api.w.org\/{rel}","templated":true}]}}